{"id":2194,"date":"2026-02-10T07:12:43","date_gmt":"2026-02-10T07:12:43","guid":{"rendered":"https:\/\/gndrefiners.com\/chatarra-que-compramos\/"},"modified":"2026-03-26T08:50:51","modified_gmt":"2026-03-26T08:50:51","slug":"chatarra-que-compramos","status":"publish","type":"page","link":"https:\/\/gndrefiners.com\/es\/chatarra-que-compramos\/","title":{"rendered":"Chatarra que compramos"},"content":{"rendered":"\t\t<div data-elementor-type=\"wp-page\" data-elementor-id=\"2194\" class=\"elementor elementor-2194 elementor-1225\" data-elementor-post-type=\"page\">\n\t\t\t\t<div class=\"elementor-element elementor-element-a0add73 pd-rl e-flex e-con-boxed e-con e-parent\" data-id=\"a0add73\" data-element_type=\"container\" data-e-type=\"container\" data-settings=\"{&quot;background_background&quot;:&quot;classic&quot;}\">\n\t\t\t\t\t<div class=\"e-con-inner\">\n\t\t<div class=\"elementor-element elementor-element-52a483f e-con-full e-flex e-con e-child\" data-id=\"52a483f\" data-element_type=\"container\" data-e-type=\"container\">\n\t\t\t\t<div class=\"elementor-element elementor-element-4171369 elementor-headline--style-rotate animated-heading-h1 elementor-hidden-tablet elementor-hidden-mobile_extra elementor-hidden-mobile elementor-widget elementor-widget-animated-headline\" data-id=\"4171369\" data-element_type=\"widget\" data-e-type=\"widget\" data-settings=\"{&quot;headline_style&quot;:&quot;rotate&quot;,&quot;rotating_text&quot;:&quot;Metales de chatarra que compramos&quot;,&quot;animation_type&quot;:&quot;typing&quot;,&quot;loop&quot;:&quot;yes&quot;,&quot;rotate_iteration_delay&quot;:2500}\" data-widget_type=\"animated-headline.default\">\n\t\t\t\t\t\t\t<h1 class=\"elementor-headline elementor-headline-animation-type-typing elementor-headline-letters\">\n\t\t\t\t<span class=\"elementor-headline-dynamic-wrapper elementor-headline-text-wrapper\">\n\t\t\t\t\t<span class=\"elementor-headline-dynamic-text elementor-headline-text-active\">\n\t\t\t\tMetales&nbsp;de&nbsp;chatarra&nbsp;que&nbsp;compramos\t\t\t<\/span>\n\t\t\t\t\t\t<\/span>\n\t\t\t\t<\/h1>\n\t\t\t\t\t\t<\/div>\n\t\t\t\t<div class=\"elementor-element elementor-element-14d173f elementor-headline--style-rotate abc elementor-hidden-desktop elementor-widget elementor-widget-animated-headline\" data-id=\"14d173f\" data-element_type=\"widget\" data-e-type=\"widget\" data-settings=\"{&quot;headline_style&quot;:&quot;rotate&quot;,&quot;animation_type&quot;:&quot;typing&quot;,&quot;loop&quot;:&quot;yes&quot;,&quot;rotate_iteration_delay&quot;:2500}\" data-widget_type=\"animated-headline.default\">\n\t\t\t\t\t\t\t<div class=\"elementor-headline elementor-headline-animation-type-typing elementor-headline-letters\">\n\t\t\t\t\t<span class=\"elementor-headline-plain-text elementor-headline-text-wrapper\">Metales de chatarra que compramos<\/span>\n\t\t\t\t<span class=\"elementor-headline-dynamic-wrapper elementor-headline-text-wrapper\">\n\t\t\t\t<\/span>\n\t\t\t\t<\/div>\n\t\t\t\t\t\t<\/div>\n\t\t\t\t<\/div>\n\t\t\t\t\t<\/div>\n\t\t\t\t<\/div>\n\t\t<div class=\"elementor-element elementor-element-4b418cc pd-rl pd-tb e-flex e-con-boxed e-con e-parent\" data-id=\"4b418cc\" data-element_type=\"container\" data-e-type=\"container\" data-settings=\"{&quot;background_background&quot;:&quot;classic&quot;}\">\n\t\t\t\t\t<div class=\"e-con-inner\">\n\t\t<div class=\"elementor-element elementor-element-74a23b0 e-con-full animated-slow e-flex elementor-invisible e-con e-child\" data-id=\"74a23b0\" data-element_type=\"container\" data-e-type=\"container\" data-settings=\"{&quot;animation&quot;:&quot;fadeInUp&quot;}\">\n\t\t<div class=\"elementor-element elementor-element-f264d05 e-con-full e-flex e-con e-child\" data-id=\"f264d05\" data-element_type=\"container\" data-e-type=\"container\">\n\t\t\t\t<div class=\"elementor-element elementor-element-0034810 elementor-widget elementor-widget-heading\" data-id=\"0034810\" data-element_type=\"widget\" data-e-type=\"widget\" data-widget_type=\"heading.default\">\n\t\t\t\t\t<div class=\"elementor-heading-title elementor-size-default\">Metales que compramos<\/div>\t\t\t\t<\/div>\n\t\t\t\t<div class=\"elementor-element elementor-element-87d8410 elementor-headline--style-rotate elementor-widget elementor-widget-animated-headline\" data-id=\"87d8410\" data-element_type=\"widget\" data-e-type=\"widget\" data-settings=\"{&quot;headline_style&quot;:&quot;rotate&quot;,&quot;animation_type&quot;:&quot;blinds&quot;,&quot;rotating_text&quot;:&quot;Comprador&quot;,&quot;loop&quot;:&quot;yes&quot;,&quot;rotate_iteration_delay&quot;:2500}\" data-widget_type=\"animated-headline.default\">\n\t\t\t\t\t\t\t<h2 class=\"elementor-headline elementor-headline-animation-type-blinds elementor-headline-letters\">\n\t\t\t\t\t<span class=\"elementor-headline-plain-text elementor-headline-text-wrapper\">Tu comprador de metales de confianza <\/span>\n\t\t\t\t<span class=\"elementor-headline-dynamic-wrapper elementor-headline-text-wrapper\">\n\t\t\t\t\t<span class=\"elementor-headline-dynamic-text elementor-headline-text-active\">\n\t\t\t\tComprador\t\t\t<\/span>\n\t\t\t\t\t\t<\/span>\n\t\t\t\t<\/h2>\n\t\t\t\t\t\t<\/div>\n\t\t\t\t<\/div>\n\t\t\t\t<div class=\"elementor-element elementor-element-f80abb2 elementor-widget__width-inherit elementor-widget elementor-widget-text-editor\" data-id=\"f80abb2\" data-element_type=\"widget\" data-e-type=\"widget\" data-widget_type=\"text-editor.default\">\n\t\t\t\t\t\t\t\t\t<p>Con a\u00f1os de experiencia en el reciclaje y refinado de metales, operamos G&amp;D Refiners centr\u00e1ndonos en la transparencia, el cumplimiento y el valor justo. Trabajamos estrechamente con proveedores y empresas para garantizar un procesamiento seguro y un abastecimiento responsable. <\/p><p>Compramos una amplia gama de metales y componentes reciclables a precios de mercado competitivos, ofreciendo un procesamiento eficiente para ayudarte a maximizar el valor con total confianza.<\/p>\t\t\t\t\t\t\t\t<\/div>\n\t\t\t\t<\/div>\n\t\t<div class=\"elementor-element elementor-element-f14c9af e-con-full animated-slow e-flex elementor-invisible e-con e-child\" data-id=\"f14c9af\" data-element_type=\"container\" data-e-type=\"container\" data-settings=\"{&quot;animation&quot;:&quot;fadeInUp&quot;}\">\n\t\t<div class=\"elementor-element elementor-element-1a6d963 e-con-full e-flex e-con e-child\" data-id=\"1a6d963\" data-element_type=\"container\" data-e-type=\"container\">\n\t\t<div class=\"elementor-element elementor-element-5646a44 e-con-full events-card height-metals e-flex e-con e-child\" data-id=\"5646a44\" data-element_type=\"container\" data-e-type=\"container\" data-settings=\"{&quot;background_background&quot;:&quot;classic&quot;}\">\n\t\t<div class=\"elementor-element elementor-element-245db5f e-con-full events-front e-flex e-con e-child\" data-id=\"245db5f\" data-element_type=\"container\" data-e-type=\"container\">\n\t\t\t\t<div class=\"elementor-element elementor-element-6078df5 elementor-widget elementor-widget-heading\" data-id=\"6078df5\" data-element_type=\"widget\" data-e-type=\"widget\" data-widget_type=\"heading.default\">\n\t\t\t\t\t<h3 class=\"elementor-heading-title elementor-size-default\">Cobre<\/h3>\t\t\t\t<\/div>\n\t\t\t\t<\/div>\n\t\t<div class=\"elementor-element elementor-element-04c4a37 e-con-full events-hover e-flex e-con e-child\" data-id=\"04c4a37\" data-element_type=\"container\" data-e-type=\"container\">\n\t\t\t\t<div class=\"elementor-element elementor-element-b40fdbe elementor-widget__width-inherit elementor-widget elementor-widget-heading\" data-id=\"b40fdbe\" data-element_type=\"widget\" data-e-type=\"widget\" data-widget_type=\"heading.default\">\n\t\t\t\t\t<h3 class=\"elementor-heading-title elementor-size-default\">Cobre<\/h3>\t\t\t\t<\/div>\n\t\t\t\t<div class=\"elementor-element elementor-element-4d3ab73 elementor-widget elementor-widget-text-editor\" data-id=\"4d3ab73\" data-element_type=\"widget\" data-e-type=\"widget\" data-widget_type=\"text-editor.default\">\n\t\t\t\t\t\t\t\t\t<p>Procede habitualmente de cableado, tuber\u00edas y componentes industriales. Al ser un metal altamente conductor y resistente a la corrosi\u00f3n, el cobre posee un valor de reciclaje sustancial. <\/p><p>Aceptamos todo tipo de cobre como:<\/p><ul><li>Hilo de cobre brillante<\/li><li>S\u00f3lido n.\u00ba 1<\/li><li>Cable de cobre aislado<\/li><\/ul>\t\t\t\t\t\t\t\t<\/div>\n\t\t\t\t<div class=\"elementor-element elementor-element-2a785f2 elementor-view-stacked elementor-widget__width-inherit elementor-shape-circle elementor-widget elementor-widget-icon\" data-id=\"2a785f2\" data-element_type=\"widget\" data-e-type=\"widget\" data-widget_type=\"icon.default\">\n\t\t\t\t\t\t\t<div class=\"elementor-icon-wrapper\">\n\t\t\t<a class=\"elementor-icon\" href=\"https:\/\/gndrefiners.com\/contact-us\/\">\n\t\t\t<i aria-hidden=\"true\" class=\"icon icon-right-arrow1\"><\/i>\t\t\t<\/a>\n\t\t<\/div>\n\t\t\t\t\t\t<\/div>\n\t\t\t\t<\/div>\n\t\t\t\t<\/div>\n\t\t<div class=\"elementor-element elementor-element-497982e e-con-full events-card e-flex e-con e-child\" data-id=\"497982e\" data-element_type=\"container\" data-e-type=\"container\" data-settings=\"{&quot;background_background&quot;:&quot;classic&quot;}\">\n\t\t<div class=\"elementor-element elementor-element-6095e07 e-con-full events-front e-flex e-con e-child\" data-id=\"6095e07\" data-element_type=\"container\" data-e-type=\"container\">\n\t\t\t\t<div class=\"elementor-element elementor-element-6217af6 elementor-widget elementor-widget-heading\" data-id=\"6217af6\" data-element_type=\"widget\" data-e-type=\"widget\" data-widget_type=\"heading.default\">\n\t\t\t\t\t<h3 class=\"elementor-heading-title elementor-size-default\">Lat\u00f3n<\/h3>\t\t\t\t<\/div>\n\t\t\t\t<\/div>\n\t\t<div class=\"elementor-element elementor-element-4569617 e-con-full events-hover e-flex e-con e-child\" data-id=\"4569617\" data-element_type=\"container\" data-e-type=\"container\">\n\t\t\t\t<div class=\"elementor-element elementor-element-ba9fb43 elementor-widget__width-inherit elementor-widget elementor-widget-heading\" data-id=\"ba9fb43\" data-element_type=\"widget\" data-e-type=\"widget\" data-widget_type=\"heading.default\">\n\t\t\t\t\t<h3 class=\"elementor-heading-title elementor-size-default\">Lat\u00f3n<\/h3>\t\t\t\t<\/div>\n\t\t\t\t<div class=\"elementor-element elementor-element-8e5f26d elementor-widget elementor-widget-text-editor\" data-id=\"8e5f26d\" data-element_type=\"widget\" data-e-type=\"widget\" data-widget_type=\"text-editor.default\">\n\t\t\t\t\t\t\t\t\t<p>Se encuentra habitualmente en accesorios de fontaner\u00eda, componentes el\u00e9ctricos y piezas de automoci\u00f3n. Como aleaci\u00f3n duradera de cobre y zinc, el lat\u00f3n conserva un valor de reciclaje significativo y se reutiliza ampliamente para la fabricaci\u00f3n. <\/p><p>Aceptamos todo tipo de lat\u00f3n:<\/p><ul><li>Amarillo<\/li><li>Rojo<\/li><li>Cable de cobre aislado<\/li><\/ul>\t\t\t\t\t\t\t\t<\/div>\n\t\t\t\t<div class=\"elementor-element elementor-element-108ff88 elementor-view-stacked elementor-widget__width-inherit elementor-shape-circle elementor-widget elementor-widget-icon\" data-id=\"108ff88\" data-element_type=\"widget\" data-e-type=\"widget\" data-widget_type=\"icon.default\">\n\t\t\t\t\t\t\t<div class=\"elementor-icon-wrapper\">\n\t\t\t<a class=\"elementor-icon\" href=\"https:\/\/gndrefiners.com\/contact-us\/\">\n\t\t\t<i aria-hidden=\"true\" class=\"icon icon-right-arrow1\"><\/i>\t\t\t<\/a>\n\t\t<\/div>\n\t\t\t\t\t\t<\/div>\n\t\t\t\t<\/div>\n\t\t\t\t<\/div>\n\t\t<div class=\"elementor-element elementor-element-390ea55 e-con-full events-card e-flex e-con e-child\" data-id=\"390ea55\" data-element_type=\"container\" data-e-type=\"container\" data-settings=\"{&quot;background_background&quot;:&quot;classic&quot;}\">\n\t\t<div class=\"elementor-element elementor-element-17b27dd e-con-full events-front e-flex e-con e-child\" data-id=\"17b27dd\" data-element_type=\"container\" data-e-type=\"container\">\n\t\t\t\t<div class=\"elementor-element elementor-element-eb5fa12 elementor-widget elementor-widget-heading\" data-id=\"eb5fa12\" data-element_type=\"widget\" data-e-type=\"widget\" data-widget_type=\"heading.default\">\n\t\t\t\t\t<h3 class=\"elementor-heading-title elementor-size-default\">Alternadores<\/h3>\t\t\t\t<\/div>\n\t\t\t\t<\/div>\n\t\t<div class=\"elementor-element elementor-element-79403ac e-con-full events-hover e-flex e-con e-child\" data-id=\"79403ac\" data-element_type=\"container\" data-e-type=\"container\">\n\t\t\t\t<div class=\"elementor-element elementor-element-8794f80 elementor-widget__width-inherit elementor-widget elementor-widget-heading\" data-id=\"8794f80\" data-element_type=\"widget\" data-e-type=\"widget\" data-widget_type=\"heading.default\">\n\t\t\t\t\t<h3 class=\"elementor-heading-title elementor-size-default\">Alternadores<\/h3>\t\t\t\t<\/div>\n\t\t\t\t<div class=\"elementor-element elementor-element-6a1f1b4 elementor-widget elementor-widget-text-editor\" data-id=\"6a1f1b4\" data-element_type=\"widget\" data-e-type=\"widget\" data-widget_type=\"text-editor.default\">\n\t\t\t\t\t\t\t\t\t<p>\u00a1Aceptamos todos los alternadores!<\/p><p>Compuestos normalmente por aluminio, cobre y acero, poseen un valor de reciclaje sustancial.<\/p>\t\t\t\t\t\t\t\t<\/div>\n\t\t\t\t<div class=\"elementor-element elementor-element-a1263c9 elementor-view-stacked elementor-widget__width-inherit elementor-shape-circle elementor-widget elementor-widget-icon\" data-id=\"a1263c9\" data-element_type=\"widget\" data-e-type=\"widget\" data-widget_type=\"icon.default\">\n\t\t\t\t\t\t\t<div class=\"elementor-icon-wrapper\">\n\t\t\t<a class=\"elementor-icon\" href=\"https:\/\/gndrefiners.com\/contact-us\/\">\n\t\t\t<i aria-hidden=\"true\" class=\"icon icon-right-arrow1\"><\/i>\t\t\t<\/a>\n\t\t<\/div>\n\t\t\t\t\t\t<\/div>\n\t\t\t\t<\/div>\n\t\t\t\t<\/div>\n\t\t\t\t<\/div>\n\t\t<div class=\"elementor-element elementor-element-cc0b92e e-con-full e-flex e-con e-child\" data-id=\"cc0b92e\" data-element_type=\"container\" data-e-type=\"container\">\n\t\t<div class=\"elementor-element elementor-element-17aff0f e-con-full events-card e-flex e-con e-child\" data-id=\"17aff0f\" data-element_type=\"container\" data-e-type=\"container\" data-settings=\"{&quot;background_background&quot;:&quot;classic&quot;}\">\n\t\t<div class=\"elementor-element elementor-element-1145700 e-con-full events-front e-flex e-con e-child\" data-id=\"1145700\" data-element_type=\"container\" data-e-type=\"container\">\n\t\t\t\t<div class=\"elementor-element elementor-element-6e6e471 elementor-widget elementor-widget-heading\" data-id=\"6e6e471\" data-element_type=\"widget\" data-e-type=\"widget\" data-widget_type=\"heading.default\">\n\t\t\t\t\t<h3 class=\"elementor-heading-title elementor-size-default\">Motores de arranque<\/h3>\t\t\t\t<\/div>\n\t\t\t\t<\/div>\n\t\t<div class=\"elementor-element elementor-element-761f85c e-con-full events-hover e-flex e-con e-child\" data-id=\"761f85c\" data-element_type=\"container\" data-e-type=\"container\">\n\t\t\t\t<div class=\"elementor-element elementor-element-a4afe4c elementor-widget__width-inherit elementor-widget elementor-widget-heading\" data-id=\"a4afe4c\" data-element_type=\"widget\" data-e-type=\"widget\" data-widget_type=\"heading.default\">\n\t\t\t\t\t<h3 class=\"elementor-heading-title elementor-size-default\">Motores de arranque<\/h3>\t\t\t\t<\/div>\n\t\t\t\t<div class=\"elementor-element elementor-element-369d6f1 elementor-widget elementor-widget-text-editor\" data-id=\"369d6f1\" data-element_type=\"widget\" data-e-type=\"widget\" data-widget_type=\"text-editor.default\">\n\t\t\t\t\t\t\t\t\t\u00a1Trae tus motores de arranque!\n\nCompuestos normalmente por cobre, aluminio y acero, poseen un valor de reciclaje significativo.\t\t\t\t\t\t\t\t<\/div>\n\t\t\t\t<div class=\"elementor-element elementor-element-d8f7a44 elementor-view-stacked elementor-widget__width-inherit elementor-shape-circle elementor-widget elementor-widget-icon\" data-id=\"d8f7a44\" data-element_type=\"widget\" data-e-type=\"widget\" data-widget_type=\"icon.default\">\n\t\t\t\t\t\t\t<div class=\"elementor-icon-wrapper\">\n\t\t\t<a class=\"elementor-icon\" href=\"https:\/\/gndrefiners.com\/contact-us\/\">\n\t\t\t<i aria-hidden=\"true\" class=\"icon icon-right-arrow1\"><\/i>\t\t\t<\/a>\n\t\t<\/div>\n\t\t\t\t\t\t<\/div>\n\t\t\t\t<\/div>\n\t\t\t\t<\/div>\n\t\t<div class=\"elementor-element elementor-element-87cd1e9 e-con-full events-card e-flex e-con e-child\" data-id=\"87cd1e9\" data-element_type=\"container\" data-e-type=\"container\" data-settings=\"{&quot;background_background&quot;:&quot;classic&quot;}\">\n\t\t<div class=\"elementor-element elementor-element-ac29820 e-con-full events-front e-flex e-con e-child\" data-id=\"ac29820\" data-element_type=\"container\" data-e-type=\"container\">\n\t\t\t\t<div class=\"elementor-element elementor-element-3f8df15 elementor-widget elementor-widget-heading\" data-id=\"3f8df15\" data-element_type=\"widget\" data-e-type=\"widget\" data-widget_type=\"heading.default\">\n\t\t\t\t\t<h3 class=\"elementor-heading-title elementor-size-default\">Sensores de O2<\/h3>\t\t\t\t<\/div>\n\t\t\t\t<\/div>\n\t\t<div class=\"elementor-element elementor-element-1a2208e e-con-full events-hover e-flex e-con e-child\" data-id=\"1a2208e\" data-element_type=\"container\" data-e-type=\"container\">\n\t\t\t\t<div class=\"elementor-element elementor-element-9a821d8 elementor-widget__width-inherit elementor-widget elementor-widget-heading\" data-id=\"9a821d8\" data-element_type=\"widget\" data-e-type=\"widget\" data-widget_type=\"heading.default\">\n\t\t\t\t\t<h3 class=\"elementor-heading-title elementor-size-default\">Sensores de O2<\/h3>\t\t\t\t<\/div>\n\t\t\t\t<div class=\"elementor-element elementor-element-5301a1e elementor-widget elementor-widget-text-editor\" data-id=\"5301a1e\" data-element_type=\"widget\" data-e-type=\"widget\" data-widget_type=\"text-editor.default\">\n\t\t\t\t\t\t\t\t\tCompramos sensores de O2 (ox\u00edgeno) usados y de chatarra a precios de mercado competitivos. Nuestro proceso garantiza una evaluaci\u00f3n precisa y precios transparentes para obtener el m\u00e1ximo valor. \t\t\t\t\t\t\t\t<\/div>\n\t\t\t\t<div class=\"elementor-element elementor-element-b0a1500 elementor-view-stacked elementor-widget__width-inherit elementor-shape-circle elementor-widget elementor-widget-icon\" data-id=\"b0a1500\" data-element_type=\"widget\" data-e-type=\"widget\" data-widget_type=\"icon.default\">\n\t\t\t\t\t\t\t<div class=\"elementor-icon-wrapper\">\n\t\t\t<a class=\"elementor-icon\" href=\"https:\/\/gndrefiners.com\/contact-us\/\">\n\t\t\t<i aria-hidden=\"true\" class=\"icon icon-right-arrow1\"><\/i>\t\t\t<\/a>\n\t\t<\/div>\n\t\t\t\t\t\t<\/div>\n\t\t\t\t<\/div>\n\t\t\t\t<\/div>\n\t\t\t\t<\/div>\n\t\t\t\t<\/div>\n\t\t\t\t\t<\/div>\n\t\t\t\t<\/div>\n\t\t\t\t<\/div>\n\t\t","protected":false},"excerpt":{"rendered":"<p>Metales&nbsp;de&nbsp;chatarra&nbsp;que&nbsp;compramos Metales de chatarra que compramos Metales que compramos Tu comprador de metales de confianza Comprador Con a\u00f1os de experiencia en el reciclaje y refinado de metales, operamos G&amp;D Refiners centr\u00e1ndonos en la transparencia, el cumplimiento y el valor justo. Trabajamos estrechamente con proveedores y empresas para garantizar un procesamiento seguro y un abastecimiento responsable. [&hellip;]<\/p>\n","protected":false},"author":1,"featured_media":0,"parent":0,"menu_order":0,"comment_status":"closed","ping_status":"closed","template":"elementor_header_footer","meta":{"footnotes":""},"class_list":["post-2194","page","type-page","status-publish","hentry"],"yoast_head":"<!-- This site is optimized with the Yoast SEO plugin v27.4 - https:\/\/yoast.com\/product\/yoast-seo-wordpress\/ -->\n<title>Chatarra que compramos - G&amp;D Refiners<\/title>\n<meta name=\"robots\" content=\"index, follow, max-snippet:-1, max-image-preview:large, max-video-preview:-1\" \/>\n<link rel=\"canonical\" href=\"https:\/\/gndrefiners.com\/es\/chatarra-que-compramos\/\" \/>\n<meta property=\"og:locale\" content=\"es_ES\" \/>\n<meta property=\"og:type\" content=\"article\" \/>\n<meta property=\"og:title\" content=\"Chatarra que compramos - G&amp;D Refiners\" \/>\n<meta property=\"og:description\" content=\"Metales&nbsp;de&nbsp;chatarra&nbsp;que&nbsp;compramos Metales de chatarra que compramos Metales que compramos Tu comprador de metales de confianza Comprador Con a\u00f1os de experiencia en el reciclaje y refinado de metales, operamos G&amp;D Refiners centr\u00e1ndonos en la transparencia, el cumplimiento y el valor justo. Trabajamos estrechamente con proveedores y empresas para garantizar un procesamiento seguro y un abastecimiento responsable. [&hellip;]\" \/>\n<meta property=\"og:url\" content=\"https:\/\/gndrefiners.com\/es\/chatarra-que-compramos\/\" \/>\n<meta property=\"og:site_name\" content=\"G&amp;D Refiners\" \/>\n<meta property=\"article:modified_time\" content=\"2026-03-26T08:50:51+00:00\" \/>\n<meta name=\"twitter:card\" content=\"summary_large_image\" \/>\n<meta name=\"twitter:label1\" content=\"Tiempo de lectura\" \/>\n\t<meta name=\"twitter:data1\" content=\"1 minuto\" \/>\n<script type=\"application\/ld+json\" class=\"yoast-schema-graph\">{\"@context\":\"https:\\\/\\\/schema.org\",\"@graph\":[{\"@type\":\"WebPage\",\"@id\":\"https:\\\/\\\/gndrefiners.com\\\/es\\\/chatarra-que-compramos\\\/\",\"url\":\"https:\\\/\\\/gndrefiners.com\\\/es\\\/chatarra-que-compramos\\\/\",\"name\":\"Chatarra que compramos - G&amp;D Refiners\",\"isPartOf\":{\"@id\":\"https:\\\/\\\/gndrefiners.com\\\/es\\\/#website\"},\"datePublished\":\"2026-02-10T07:12:43+00:00\",\"dateModified\":\"2026-03-26T08:50:51+00:00\",\"breadcrumb\":{\"@id\":\"https:\\\/\\\/gndrefiners.com\\\/es\\\/chatarra-que-compramos\\\/#breadcrumb\"},\"inLanguage\":\"es\",\"potentialAction\":[{\"@type\":\"ReadAction\",\"target\":[\"https:\\\/\\\/gndrefiners.com\\\/es\\\/chatarra-que-compramos\\\/\"]}]},{\"@type\":\"BreadcrumbList\",\"@id\":\"https:\\\/\\\/gndrefiners.com\\\/es\\\/chatarra-que-compramos\\\/#breadcrumb\",\"itemListElement\":[{\"@type\":\"ListItem\",\"position\":1,\"name\":\"Inicio\",\"item\":\"https:\\\/\\\/gndrefiners.com\\\/es\\\/\"},{\"@type\":\"ListItem\",\"position\":2,\"name\":\"Chatarra que compramos\"}]},{\"@type\":\"WebSite\",\"@id\":\"https:\\\/\\\/gndrefiners.com\\\/es\\\/#website\",\"url\":\"https:\\\/\\\/gndrefiners.com\\\/es\\\/\",\"name\":\"G&amp;D Refiners\",\"description\":\"Responsible Metal Recycling for a Sustainable Tomorrow\",\"publisher\":{\"@id\":\"https:\\\/\\\/gndrefiners.com\\\/es\\\/#organization\"},\"potentialAction\":[{\"@type\":\"SearchAction\",\"target\":{\"@type\":\"EntryPoint\",\"urlTemplate\":\"https:\\\/\\\/gndrefiners.com\\\/es\\\/?s={search_term_string}\"},\"query-input\":{\"@type\":\"PropertyValueSpecification\",\"valueRequired\":true,\"valueName\":\"search_term_string\"}}],\"inLanguage\":\"es\"},{\"@type\":\"Organization\",\"@id\":\"https:\\\/\\\/gndrefiners.com\\\/es\\\/#organization\",\"name\":\"G&amp;D Refiners\",\"url\":\"https:\\\/\\\/gndrefiners.com\\\/es\\\/\",\"logo\":{\"@type\":\"ImageObject\",\"inLanguage\":\"es\",\"@id\":\"https:\\\/\\\/gndrefiners.com\\\/es\\\/#\\\/schema\\\/logo\\\/image\\\/\",\"url\":\"https:\\\/\\\/gndrefiners.com\\\/wp-content\\\/uploads\\\/2026\\\/03\\\/G-DREFINERS-logo-1-1-1-1.png\",\"contentUrl\":\"https:\\\/\\\/gndrefiners.com\\\/wp-content\\\/uploads\\\/2026\\\/03\\\/G-DREFINERS-logo-1-1-1-1.png\",\"width\":1920,\"height\":1891,\"caption\":\"G&amp;D Refiners\"},\"image\":{\"@id\":\"https:\\\/\\\/gndrefiners.com\\\/es\\\/#\\\/schema\\\/logo\\\/image\\\/\"}}]}<\/script>\n<!-- \/ Yoast SEO plugin. -->","yoast_head_json":{"title":"Chatarra que compramos - G&amp;D Refiners","robots":{"index":"index","follow":"follow","max-snippet":"max-snippet:-1","max-image-preview":"max-image-preview:large","max-video-preview":"max-video-preview:-1"},"canonical":"https:\/\/gndrefiners.com\/es\/chatarra-que-compramos\/","og_locale":"es_ES","og_type":"article","og_title":"Chatarra que compramos - G&amp;D Refiners","og_description":"Metales&nbsp;de&nbsp;chatarra&nbsp;que&nbsp;compramos Metales de chatarra que compramos Metales que compramos Tu comprador de metales de confianza Comprador Con a\u00f1os de experiencia en el reciclaje y refinado de metales, operamos G&amp;D Refiners centr\u00e1ndonos en la transparencia, el cumplimiento y el valor justo. Trabajamos estrechamente con proveedores y empresas para garantizar un procesamiento seguro y un abastecimiento responsable. [&hellip;]","og_url":"https:\/\/gndrefiners.com\/es\/chatarra-que-compramos\/","og_site_name":"G&amp;D Refiners","article_modified_time":"2026-03-26T08:50:51+00:00","twitter_card":"summary_large_image","twitter_misc":{"Tiempo de lectura":"1 minuto"},"schema":{"@context":"https:\/\/schema.org","@graph":[{"@type":"WebPage","@id":"https:\/\/gndrefiners.com\/es\/chatarra-que-compramos\/","url":"https:\/\/gndrefiners.com\/es\/chatarra-que-compramos\/","name":"Chatarra que compramos - G&amp;D Refiners","isPartOf":{"@id":"https:\/\/gndrefiners.com\/es\/#website"},"datePublished":"2026-02-10T07:12:43+00:00","dateModified":"2026-03-26T08:50:51+00:00","breadcrumb":{"@id":"https:\/\/gndrefiners.com\/es\/chatarra-que-compramos\/#breadcrumb"},"inLanguage":"es","potentialAction":[{"@type":"ReadAction","target":["https:\/\/gndrefiners.com\/es\/chatarra-que-compramos\/"]}]},{"@type":"BreadcrumbList","@id":"https:\/\/gndrefiners.com\/es\/chatarra-que-compramos\/#breadcrumb","itemListElement":[{"@type":"ListItem","position":1,"name":"Inicio","item":"https:\/\/gndrefiners.com\/es\/"},{"@type":"ListItem","position":2,"name":"Chatarra que compramos"}]},{"@type":"WebSite","@id":"https:\/\/gndrefiners.com\/es\/#website","url":"https:\/\/gndrefiners.com\/es\/","name":"G&amp;D Refiners","description":"Responsible Metal Recycling for a Sustainable Tomorrow","publisher":{"@id":"https:\/\/gndrefiners.com\/es\/#organization"},"potentialAction":[{"@type":"SearchAction","target":{"@type":"EntryPoint","urlTemplate":"https:\/\/gndrefiners.com\/es\/?s={search_term_string}"},"query-input":{"@type":"PropertyValueSpecification","valueRequired":true,"valueName":"search_term_string"}}],"inLanguage":"es"},{"@type":"Organization","@id":"https:\/\/gndrefiners.com\/es\/#organization","name":"G&amp;D Refiners","url":"https:\/\/gndrefiners.com\/es\/","logo":{"@type":"ImageObject","inLanguage":"es","@id":"https:\/\/gndrefiners.com\/es\/#\/schema\/logo\/image\/","url":"https:\/\/gndrefiners.com\/wp-content\/uploads\/2026\/03\/G-DREFINERS-logo-1-1-1-1.png","contentUrl":"https:\/\/gndrefiners.com\/wp-content\/uploads\/2026\/03\/G-DREFINERS-logo-1-1-1-1.png","width":1920,"height":1891,"caption":"G&amp;D Refiners"},"image":{"@id":"https:\/\/gndrefiners.com\/es\/#\/schema\/logo\/image\/"}}]}},"_links":{"self":[{"href":"https:\/\/gndrefiners.com\/es\/wp-json\/wp\/v2\/pages\/2194","targetHints":{"allow":["GET"]}}],"collection":[{"href":"https:\/\/gndrefiners.com\/es\/wp-json\/wp\/v2\/pages"}],"about":[{"href":"https:\/\/gndrefiners.com\/es\/wp-json\/wp\/v2\/types\/page"}],"author":[{"embeddable":true,"href":"https:\/\/gndrefiners.com\/es\/wp-json\/wp\/v2\/users\/1"}],"replies":[{"embeddable":true,"href":"https:\/\/gndrefiners.com\/es\/wp-json\/wp\/v2\/comments?post=2194"}],"version-history":[{"count":1,"href":"https:\/\/gndrefiners.com\/es\/wp-json\/wp\/v2\/pages\/2194\/revisions"}],"predecessor-version":[{"id":2203,"href":"https:\/\/gndrefiners.com\/es\/wp-json\/wp\/v2\/pages\/2194\/revisions\/2203"}],"wp:attachment":[{"href":"https:\/\/gndrefiners.com\/es\/wp-json\/wp\/v2\/media?parent=2194"}],"curies":[{"name":"wp","href":"https:\/\/api.w.org\/{rel}","templated":true}]}}