{"id":2290,"date":"2026-02-05T10:18:01","date_gmt":"2026-02-05T10:18:01","guid":{"rendered":"https:\/\/gndrefiners.com\/galeria\/"},"modified":"2026-03-26T08:52:09","modified_gmt":"2026-03-26T08:52:09","slug":"galeria","status":"publish","type":"page","link":"https:\/\/gndrefiners.com\/es\/galeria\/","title":{"rendered":"Galer\u00eda"},"content":{"rendered":"\t\t<div data-elementor-type=\"wp-page\" data-elementor-id=\"2290\" class=\"elementor elementor-2290 elementor-926\" data-elementor-post-type=\"page\">\n\t\t\t\t<div class=\"elementor-element elementor-element-39f8d06 pd-rl e-flex e-con-boxed e-con e-parent\" data-id=\"39f8d06\" data-element_type=\"container\" data-e-type=\"container\" data-settings=\"{&quot;background_background&quot;:&quot;classic&quot;}\">\n\t\t\t\t\t<div class=\"e-con-inner\">\n\t\t<div class=\"elementor-element elementor-element-dd03d28 e-con-full e-flex e-con e-child\" data-id=\"dd03d28\" data-element_type=\"container\" data-e-type=\"container\">\n\t\t\t\t<div class=\"elementor-element elementor-element-085e7ec elementor-headline--style-rotate animated-heading-h1 elementor-hidden-tablet elementor-hidden-mobile_extra elementor-hidden-mobile elementor-widget elementor-widget-animated-headline\" data-id=\"085e7ec\" data-element_type=\"widget\" data-e-type=\"widget\" data-settings=\"{&quot;headline_style&quot;:&quot;rotate&quot;,&quot;rotating_text&quot;:&quot;Ubicaciones a las que damos servicio&quot;,&quot;animation_type&quot;:&quot;typing&quot;,&quot;loop&quot;:&quot;yes&quot;,&quot;rotate_iteration_delay&quot;:2500}\" data-widget_type=\"animated-headline.default\">\n\t\t\t\t\t\t\t<h1 class=\"elementor-headline elementor-headline-animation-type-typing elementor-headline-letters\">\n\t\t\t\t<span class=\"elementor-headline-dynamic-wrapper elementor-headline-text-wrapper\">\n\t\t\t\t\t<span class=\"elementor-headline-dynamic-text elementor-headline-text-active\">\n\t\t\t\tUbicaciones&nbsp;a&nbsp;las&nbsp;que&nbsp;damos&nbsp;servicio\t\t\t<\/span>\n\t\t\t\t\t\t<\/span>\n\t\t\t\t<\/h1>\n\t\t\t\t\t\t<\/div>\n\t\t\t\t<div class=\"elementor-element elementor-element-c418093 elementor-headline--style-rotate abc elementor-hidden-desktop elementor-widget elementor-widget-animated-headline\" data-id=\"c418093\" data-element_type=\"widget\" data-e-type=\"widget\" data-settings=\"{&quot;headline_style&quot;:&quot;rotate&quot;,&quot;animation_type&quot;:&quot;typing&quot;,&quot;loop&quot;:&quot;yes&quot;,&quot;rotate_iteration_delay&quot;:2500}\" data-widget_type=\"animated-headline.default\">\n\t\t\t\t\t\t\t<div class=\"elementor-headline elementor-headline-animation-type-typing elementor-headline-letters\">\n\t\t\t\t\t<span class=\"elementor-headline-plain-text elementor-headline-text-wrapper\">Ubicaciones a las que damos servicio<\/span>\n\t\t\t\t<span class=\"elementor-headline-dynamic-wrapper elementor-headline-text-wrapper\">\n\t\t\t\t<\/span>\n\t\t\t\t<\/div>\n\t\t\t\t\t\t<\/div>\n\t\t\t\t<\/div>\n\t\t\t\t\t<\/div>\n\t\t\t\t<\/div>\n\t\t<div class=\"elementor-element elementor-element-6831217 pd-rl pd-tb e-flex e-con-boxed e-con e-parent\" data-id=\"6831217\" data-element_type=\"container\" data-e-type=\"container\" data-settings=\"{&quot;background_background&quot;:&quot;classic&quot;}\">\n\t\t\t\t\t<div class=\"e-con-inner\">\n\t\t<div class=\"elementor-element elementor-element-5f914df e-con-full animated-slow e-flex elementor-invisible e-con e-child\" data-id=\"5f914df\" data-element_type=\"container\" data-e-type=\"container\" data-settings=\"{&quot;animation&quot;:&quot;fadeInUp&quot;}\">\n\t\t<div class=\"elementor-element elementor-element-7060608 e-con-full e-flex e-con e-child\" data-id=\"7060608\" data-element_type=\"container\" data-e-type=\"container\">\n\t\t\t\t<div class=\"elementor-element elementor-element-a7cea70 elementor-widget elementor-widget-heading\" data-id=\"a7cea70\" data-element_type=\"widget\" data-e-type=\"widget\" data-widget_type=\"heading.default\">\n\t\t\t\t\t<div class=\"elementor-heading-title elementor-size-default\">\u00c1REAS DE SERVICIO<\/div>\t\t\t\t<\/div>\n\t\t\t\t<div class=\"elementor-element elementor-element-33f87de elementor-headline--style-rotate elementor-widget elementor-widget-animated-headline\" data-id=\"33f87de\" data-element_type=\"widget\" data-e-type=\"widget\" data-settings=\"{&quot;headline_style&quot;:&quot;rotate&quot;,&quot;animation_type&quot;:&quot;blinds&quot;,&quot;rotating_text&quot;:&quot;Damos Servicio&quot;,&quot;loop&quot;:&quot;yes&quot;,&quot;rotate_iteration_delay&quot;:2500}\" data-widget_type=\"animated-headline.default\">\n\t\t\t\t\t\t\t<h2 class=\"elementor-headline elementor-headline-animation-type-blinds elementor-headline-letters\">\n\t\t\t\t\t<span class=\"elementor-headline-plain-text elementor-headline-text-wrapper\">Ubicaciones a las que <\/span>\n\t\t\t\t<span class=\"elementor-headline-dynamic-wrapper elementor-headline-text-wrapper\">\n\t\t\t\t\t<span class=\"elementor-headline-dynamic-text elementor-headline-text-active\">\n\t\t\t\tDamos&nbsp;Servicio\t\t\t<\/span>\n\t\t\t\t\t\t<\/span>\n\t\t\t\t<\/h2>\n\t\t\t\t\t\t<\/div>\n\t\t\t\t<\/div>\n\t\t\t\t<div class=\"elementor-element elementor-element-8dba77f elementor-widget__width-inherit elementor-widget elementor-widget-text-editor\" data-id=\"8dba77f\" data-element_type=\"widget\" data-e-type=\"widget\" data-widget_type=\"text-editor.default\">\n\t\t\t\t\t\t\t\t\tOfrecemos con orgullo nuestros servicios de refinado y reciclaje en m\u00faltiples ubicaciones, garantizando tiempos de respuesta r\u00e1pidos y asistencia fiable donde nos necesites. Nuestro equipo trabaja estrechamente con empresas y particulares en cada regi\u00f3n para ofrecer un servicio seguro, eficiente y transparente. Independientemente de tu ubicaci\u00f3n, nos comprometemos a mantener los m\u00e1s altos est\u00e1ndares de profesionalidad y atenci\u00f3n al cliente.  \t\t\t\t\t\t\t\t<\/div>\n\t\t\t\t<\/div>\n\t\t<div class=\"elementor-element elementor-element-9cb9128 e-con-full animated-slow e-flex elementor-invisible e-con e-child\" data-id=\"9cb9128\" data-element_type=\"container\" data-e-type=\"container\" data-settings=\"{&quot;animation&quot;:&quot;fadeInUp&quot;}\">\n\t\t<div class=\"elementor-element elementor-element-9f1a956 e-con-full e-grid e-con e-child\" data-id=\"9f1a956\" data-element_type=\"container\" data-e-type=\"container\">\n\t\t<div class=\"elementor-element elementor-element-3bb36fb e-con-full c-rel e-flex e-con e-child\" data-id=\"3bb36fb\" data-element_type=\"container\" data-e-type=\"container\" data-settings=\"{&quot;background_background&quot;:&quot;classic&quot;}\">\n\t\t<div class=\"elementor-element elementor-element-10a4a23 e-con-full e-flex e-con e-child\" data-id=\"10a4a23\" data-element_type=\"container\" data-e-type=\"container\">\n\t\t\t\t<div class=\"elementor-element elementor-element-4be6458 elementor-widget__width-inherit elementor-widget elementor-widget-heading\" data-id=\"4be6458\" data-element_type=\"widget\" data-e-type=\"widget\" data-widget_type=\"heading.default\">\n\t\t\t\t\t<h2 class=\"elementor-heading-title elementor-size-default\"><a href=\"https:\/\/gndrefiners.com\/es\/galeria\/oregon\/\">Oreg\u00f3n<\/a><\/h2>\t\t\t\t<\/div>\n\t\t\t\t<\/div>\n\t\t\t\t<\/div>\n\t\t<div class=\"elementor-element elementor-element-6561c15 e-con-full c-rel e-flex e-con e-child\" data-id=\"6561c15\" data-element_type=\"container\" data-e-type=\"container\" data-settings=\"{&quot;background_background&quot;:&quot;classic&quot;}\">\n\t\t<div class=\"elementor-element elementor-element-d1db150 e-con-full e-flex e-con e-child\" data-id=\"d1db150\" data-element_type=\"container\" data-e-type=\"container\">\n\t\t\t\t<div class=\"elementor-element elementor-element-0166396 elementor-widget__width-inherit elementor-widget elementor-widget-heading\" data-id=\"0166396\" data-element_type=\"widget\" data-e-type=\"widget\" data-widget_type=\"heading.default\">\n\t\t\t\t\t<h2 class=\"elementor-heading-title elementor-size-default\"><a href=\"https:\/\/gndrefiners.com\/es\/galeria\/washington\/\">\nWashington<\/a><\/h2>\t\t\t\t<\/div>\n\t\t\t\t<\/div>\n\t\t\t\t<\/div>\n\t\t<div class=\"elementor-element elementor-element-155ad1a e-con-full c-rel e-flex e-con e-child\" data-id=\"155ad1a\" data-element_type=\"container\" data-e-type=\"container\" data-settings=\"{&quot;background_background&quot;:&quot;classic&quot;}\">\n\t\t<div class=\"elementor-element elementor-element-8f49f62 e-con-full e-flex e-con e-child\" data-id=\"8f49f62\" data-element_type=\"container\" data-e-type=\"container\">\n\t\t\t\t<div class=\"elementor-element elementor-element-40392f7 elementor-widget__width-inherit elementor-widget elementor-widget-heading\" data-id=\"40392f7\" data-element_type=\"widget\" data-e-type=\"widget\" data-widget_type=\"heading.default\">\n\t\t\t\t\t<h2 class=\"elementor-heading-title elementor-size-default\"><a href=\"https:\/\/gndrefiners.com\/gallery\/nevada\/\">Nevada <\/a><\/h2>\t\t\t\t<\/div>\n\t\t\t\t<\/div>\n\t\t\t\t<\/div>\n\t\t<div class=\"elementor-element elementor-element-e8cd7dc e-con-full c-rel e-flex e-con e-child\" data-id=\"e8cd7dc\" data-element_type=\"container\" data-e-type=\"container\" data-settings=\"{&quot;background_background&quot;:&quot;classic&quot;}\">\n\t\t<div class=\"elementor-element elementor-element-8382295 e-con-full e-flex e-con e-child\" data-id=\"8382295\" data-element_type=\"container\" data-e-type=\"container\">\n\t\t\t\t<div class=\"elementor-element elementor-element-54772d7 elementor-widget__width-inherit elementor-widget elementor-widget-heading\" data-id=\"54772d7\" data-element_type=\"widget\" data-e-type=\"widget\" data-widget_type=\"heading.default\">\n\t\t\t\t\t<h2 class=\"elementor-heading-title elementor-size-default\"><a href=\"https:\/\/gndrefiners.com\/es\/galeria\/idaho\/\">\nIdaho<\/a><\/h2>\t\t\t\t<\/div>\n\t\t\t\t<\/div>\n\t\t\t\t<\/div>\n\t\t<div class=\"elementor-element elementor-element-4f5017d e-con-full c-rel e-flex e-con e-child\" data-id=\"4f5017d\" data-element_type=\"container\" data-e-type=\"container\" data-settings=\"{&quot;background_background&quot;:&quot;classic&quot;}\">\n\t\t<div class=\"elementor-element elementor-element-c882fb0 e-con-full e-flex e-con e-child\" data-id=\"c882fb0\" data-element_type=\"container\" data-e-type=\"container\">\n\t\t\t\t<div class=\"elementor-element elementor-element-f5b54d0 elementor-widget__width-inherit elementor-widget elementor-widget-heading\" data-id=\"f5b54d0\" data-element_type=\"widget\" data-e-type=\"widget\" data-widget_type=\"heading.default\">\n\t\t\t\t\t<h2 class=\"elementor-heading-title elementor-size-default\"><a href=\"https:\/\/gndrefiners.com\/es\/galeria\/montana\/\">\nMontana<\/a><\/h2>\t\t\t\t<\/div>\n\t\t\t\t<\/div>\n\t\t\t\t<\/div>\n\t\t<div class=\"elementor-element elementor-element-b6eb2fe e-con-full c-rel e-flex e-con e-child\" data-id=\"b6eb2fe\" data-element_type=\"container\" data-e-type=\"container\" data-settings=\"{&quot;background_background&quot;:&quot;classic&quot;}\">\n\t\t<div class=\"elementor-element elementor-element-0b9f2c9 e-con-full e-flex e-con e-child\" data-id=\"0b9f2c9\" data-element_type=\"container\" data-e-type=\"container\">\n\t\t\t\t<div class=\"elementor-element elementor-element-61dc57e elementor-widget__width-inherit elementor-widget elementor-widget-heading\" data-id=\"61dc57e\" data-element_type=\"widget\" data-e-type=\"widget\" data-widget_type=\"heading.default\">\n\t\t\t\t\t<h2 class=\"elementor-heading-title elementor-size-default\"><a href=\"https:\/\/gndrefiners.com\/gallery\/california\/\">California<\/a><\/h2>\t\t\t\t<\/div>\n\t\t\t\t<\/div>\n\t\t\t\t<\/div>\n\t\t\t\t<\/div>\n\t\t\t\t<\/div>\n\t\t\t\t\t<\/div>\n\t\t\t\t<\/div>\n\t\t\t\t<\/div>\n\t\t","protected":false},"excerpt":{"rendered":"<p>Ubicaciones&nbsp;a&nbsp;las&nbsp;que&nbsp;damos&nbsp;servicio Ubicaciones a las que damos servicio \u00c1REAS DE SERVICIO Ubicaciones a las que Damos&nbsp;Servicio Ofrecemos con orgullo nuestros servicios de refinado y reciclaje en m\u00faltiples ubicaciones, garantizando tiempos de respuesta r\u00e1pidos y asistencia fiable donde nos necesites. Nuestro equipo trabaja estrechamente con empresas y particulares en cada regi\u00f3n para ofrecer un servicio seguro, eficiente [&hellip;]<\/p>\n","protected":false},"author":1,"featured_media":0,"parent":0,"menu_order":0,"comment_status":"closed","ping_status":"closed","template":"elementor_header_footer","meta":{"footnotes":""},"class_list":["post-2290","page","type-page","status-publish","hentry"],"yoast_head":"<!-- This site is optimized with the Yoast SEO plugin v27.4 - https:\/\/yoast.com\/product\/yoast-seo-wordpress\/ -->\n<title>Galer\u00eda - G&amp;D Refiners<\/title>\n<meta name=\"robots\" content=\"index, follow, max-snippet:-1, max-image-preview:large, max-video-preview:-1\" \/>\n<link rel=\"canonical\" href=\"https:\/\/gndrefiners.com\/es\/galeria\/\" \/>\n<meta property=\"og:locale\" content=\"es_ES\" \/>\n<meta property=\"og:type\" content=\"article\" \/>\n<meta property=\"og:title\" content=\"Galer\u00eda - G&amp;D Refiners\" \/>\n<meta property=\"og:description\" content=\"Ubicaciones&nbsp;a&nbsp;las&nbsp;que&nbsp;damos&nbsp;servicio Ubicaciones a las que damos servicio \u00c1REAS DE SERVICIO Ubicaciones a las que Damos&nbsp;Servicio Ofrecemos con orgullo nuestros servicios de refinado y reciclaje en m\u00faltiples ubicaciones, garantizando tiempos de respuesta r\u00e1pidos y asistencia fiable donde nos necesites. Nuestro equipo trabaja estrechamente con empresas y particulares en cada regi\u00f3n para ofrecer un servicio seguro, eficiente [&hellip;]\" \/>\n<meta property=\"og:url\" content=\"https:\/\/gndrefiners.com\/es\/galeria\/\" \/>\n<meta property=\"og:site_name\" content=\"G&amp;D Refiners\" \/>\n<meta property=\"article:modified_time\" content=\"2026-03-26T08:52:09+00:00\" \/>\n<meta name=\"twitter:card\" content=\"summary_large_image\" \/>\n<meta name=\"twitter:label1\" content=\"Tiempo de lectura\" \/>\n\t<meta name=\"twitter:data1\" content=\"1 minuto\" \/>\n<script type=\"application\/ld+json\" class=\"yoast-schema-graph\">{\"@context\":\"https:\\\/\\\/schema.org\",\"@graph\":[{\"@type\":\"WebPage\",\"@id\":\"https:\\\/\\\/gndrefiners.com\\\/es\\\/galeria\\\/\",\"url\":\"https:\\\/\\\/gndrefiners.com\\\/es\\\/galeria\\\/\",\"name\":\"Galer\u00eda - G&amp;D Refiners\",\"isPartOf\":{\"@id\":\"https:\\\/\\\/gndrefiners.com\\\/es\\\/#website\"},\"datePublished\":\"2026-02-05T10:18:01+00:00\",\"dateModified\":\"2026-03-26T08:52:09+00:00\",\"breadcrumb\":{\"@id\":\"https:\\\/\\\/gndrefiners.com\\\/es\\\/galeria\\\/#breadcrumb\"},\"inLanguage\":\"es\",\"potentialAction\":[{\"@type\":\"ReadAction\",\"target\":[\"https:\\\/\\\/gndrefiners.com\\\/es\\\/galeria\\\/\"]}]},{\"@type\":\"BreadcrumbList\",\"@id\":\"https:\\\/\\\/gndrefiners.com\\\/es\\\/galeria\\\/#breadcrumb\",\"itemListElement\":[{\"@type\":\"ListItem\",\"position\":1,\"name\":\"Inicio\",\"item\":\"https:\\\/\\\/gndrefiners.com\\\/es\\\/\"},{\"@type\":\"ListItem\",\"position\":2,\"name\":\"Galer\u00eda\"}]},{\"@type\":\"WebSite\",\"@id\":\"https:\\\/\\\/gndrefiners.com\\\/es\\\/#website\",\"url\":\"https:\\\/\\\/gndrefiners.com\\\/es\\\/\",\"name\":\"G&amp;D Refiners\",\"description\":\"Responsible Metal Recycling for a Sustainable Tomorrow\",\"publisher\":{\"@id\":\"https:\\\/\\\/gndrefiners.com\\\/es\\\/#organization\"},\"potentialAction\":[{\"@type\":\"SearchAction\",\"target\":{\"@type\":\"EntryPoint\",\"urlTemplate\":\"https:\\\/\\\/gndrefiners.com\\\/es\\\/?s={search_term_string}\"},\"query-input\":{\"@type\":\"PropertyValueSpecification\",\"valueRequired\":true,\"valueName\":\"search_term_string\"}}],\"inLanguage\":\"es\"},{\"@type\":\"Organization\",\"@id\":\"https:\\\/\\\/gndrefiners.com\\\/es\\\/#organization\",\"name\":\"G&amp;D Refiners\",\"url\":\"https:\\\/\\\/gndrefiners.com\\\/es\\\/\",\"logo\":{\"@type\":\"ImageObject\",\"inLanguage\":\"es\",\"@id\":\"https:\\\/\\\/gndrefiners.com\\\/es\\\/#\\\/schema\\\/logo\\\/image\\\/\",\"url\":\"https:\\\/\\\/gndrefiners.com\\\/wp-content\\\/uploads\\\/2026\\\/03\\\/G-DREFINERS-logo-1-1-1-1.png\",\"contentUrl\":\"https:\\\/\\\/gndrefiners.com\\\/wp-content\\\/uploads\\\/2026\\\/03\\\/G-DREFINERS-logo-1-1-1-1.png\",\"width\":1920,\"height\":1891,\"caption\":\"G&amp;D Refiners\"},\"image\":{\"@id\":\"https:\\\/\\\/gndrefiners.com\\\/es\\\/#\\\/schema\\\/logo\\\/image\\\/\"}}]}<\/script>\n<!-- \/ Yoast SEO plugin. -->","yoast_head_json":{"title":"Galer\u00eda - G&amp;D Refiners","robots":{"index":"index","follow":"follow","max-snippet":"max-snippet:-1","max-image-preview":"max-image-preview:large","max-video-preview":"max-video-preview:-1"},"canonical":"https:\/\/gndrefiners.com\/es\/galeria\/","og_locale":"es_ES","og_type":"article","og_title":"Galer\u00eda - G&amp;D Refiners","og_description":"Ubicaciones&nbsp;a&nbsp;las&nbsp;que&nbsp;damos&nbsp;servicio Ubicaciones a las que damos servicio \u00c1REAS DE SERVICIO Ubicaciones a las que Damos&nbsp;Servicio Ofrecemos con orgullo nuestros servicios de refinado y reciclaje en m\u00faltiples ubicaciones, garantizando tiempos de respuesta r\u00e1pidos y asistencia fiable donde nos necesites. Nuestro equipo trabaja estrechamente con empresas y particulares en cada regi\u00f3n para ofrecer un servicio seguro, eficiente [&hellip;]","og_url":"https:\/\/gndrefiners.com\/es\/galeria\/","og_site_name":"G&amp;D Refiners","article_modified_time":"2026-03-26T08:52:09+00:00","twitter_card":"summary_large_image","twitter_misc":{"Tiempo de lectura":"1 minuto"},"schema":{"@context":"https:\/\/schema.org","@graph":[{"@type":"WebPage","@id":"https:\/\/gndrefiners.com\/es\/galeria\/","url":"https:\/\/gndrefiners.com\/es\/galeria\/","name":"Galer\u00eda - G&amp;D Refiners","isPartOf":{"@id":"https:\/\/gndrefiners.com\/es\/#website"},"datePublished":"2026-02-05T10:18:01+00:00","dateModified":"2026-03-26T08:52:09+00:00","breadcrumb":{"@id":"https:\/\/gndrefiners.com\/es\/galeria\/#breadcrumb"},"inLanguage":"es","potentialAction":[{"@type":"ReadAction","target":["https:\/\/gndrefiners.com\/es\/galeria\/"]}]},{"@type":"BreadcrumbList","@id":"https:\/\/gndrefiners.com\/es\/galeria\/#breadcrumb","itemListElement":[{"@type":"ListItem","position":1,"name":"Inicio","item":"https:\/\/gndrefiners.com\/es\/"},{"@type":"ListItem","position":2,"name":"Galer\u00eda"}]},{"@type":"WebSite","@id":"https:\/\/gndrefiners.com\/es\/#website","url":"https:\/\/gndrefiners.com\/es\/","name":"G&amp;D Refiners","description":"Responsible Metal Recycling for a Sustainable Tomorrow","publisher":{"@id":"https:\/\/gndrefiners.com\/es\/#organization"},"potentialAction":[{"@type":"SearchAction","target":{"@type":"EntryPoint","urlTemplate":"https:\/\/gndrefiners.com\/es\/?s={search_term_string}"},"query-input":{"@type":"PropertyValueSpecification","valueRequired":true,"valueName":"search_term_string"}}],"inLanguage":"es"},{"@type":"Organization","@id":"https:\/\/gndrefiners.com\/es\/#organization","name":"G&amp;D Refiners","url":"https:\/\/gndrefiners.com\/es\/","logo":{"@type":"ImageObject","inLanguage":"es","@id":"https:\/\/gndrefiners.com\/es\/#\/schema\/logo\/image\/","url":"https:\/\/gndrefiners.com\/wp-content\/uploads\/2026\/03\/G-DREFINERS-logo-1-1-1-1.png","contentUrl":"https:\/\/gndrefiners.com\/wp-content\/uploads\/2026\/03\/G-DREFINERS-logo-1-1-1-1.png","width":1920,"height":1891,"caption":"G&amp;D Refiners"},"image":{"@id":"https:\/\/gndrefiners.com\/es\/#\/schema\/logo\/image\/"}}]}},"_links":{"self":[{"href":"https:\/\/gndrefiners.com\/es\/wp-json\/wp\/v2\/pages\/2290","targetHints":{"allow":["GET"]}}],"collection":[{"href":"https:\/\/gndrefiners.com\/es\/wp-json\/wp\/v2\/pages"}],"about":[{"href":"https:\/\/gndrefiners.com\/es\/wp-json\/wp\/v2\/types\/page"}],"author":[{"embeddable":true,"href":"https:\/\/gndrefiners.com\/es\/wp-json\/wp\/v2\/users\/1"}],"replies":[{"embeddable":true,"href":"https:\/\/gndrefiners.com\/es\/wp-json\/wp\/v2\/comments?post=2290"}],"version-history":[{"count":0,"href":"https:\/\/gndrefiners.com\/es\/wp-json\/wp\/v2\/pages\/2290\/revisions"}],"wp:attachment":[{"href":"https:\/\/gndrefiners.com\/es\/wp-json\/wp\/v2\/media?parent=2290"}],"curies":[{"name":"wp","href":"https:\/\/api.w.org\/{rel}","templated":true}]}}